{"id":6101,"date":"2025-08-01T02:54:51","date_gmt":"2025-08-01T00:54:51","guid":{"rendered":"https:\/\/ducktopie.de\/?page_id=6101"},"modified":"2025-08-01T02:54:51","modified_gmt":"2025-08-01T00:54:51","slug":"patenschaft","status":"publish","type":"page","link":"https:\/\/ducktopie.de\/?page_id=6101","title":{"rendered":"Patenschaft"},"content":{"rendered":"\n<h2 class=\"wp-block-heading has-text-align-center has-text-color has-link-color wp-elements-636c0ac814ecfd4796e62b87e782f943\" id=\"umfrage\" style=\"color:#5d4d51;margin-top:-5px;margin-bottom:-5px;font-size:43px;font-style:normal;font-weight:600;letter-spacing:5px\">DEINE IDEE &amp; DEIN ABEND<\/h2>\n\n\n\n<hr class=\"wp-block-separator has-text-color has-ast-global-color-8-color has-alpha-channel-opacity has-ast-global-color-8-background-color has-background is-style-dots\" style=\"margin-top:1.2rem;margin-bottom:1.2rem\"\/>\n\n\n\n<p class=\"has-text-align-left has-text-color has-link-color wp-elements-31ba4b0cb0d5274dd6ff43072a631f10\" style=\"color:#8d8888;font-size:1.1rem;line-height:1.2\">Sehr gut! Der erste Schritt zum Duckte Friday, den du mit deinem eigenen Thema gestaltest und organisierst, ist getan. <\/p>\n\n\n\n<p class=\"has-text-align-left has-text-color has-link-color wp-elements-e4a0e84da4e2b0db27a2df7c8b9e9693\" style=\"color:#8d8888;font-size:1.1rem;line-height:1.2\">Wir sind froh, dass sich mehr und mehr Mitglieder einbringen und die Ducktopie damit zum Leben erwecken!<\/p>\n\n\n\n<p><\/p>\n\n\n\n<p style=\"font-size:1.1rem\">Bevor die Planung richtig losgehen kann, brauchen wir nur noch ein paar Angaben von dir zum gew\u00fcnschten Termin und zur geplanten Abend-Gestaltung. Wir kommen dann auf dich zu, um mit dir die n\u00e4chsten Schritte zu besprechen.<\/p>\n\n\n\n<p><\/p>\n\n\n\n<p class=\"has-text-align-left has-text-color has-link-color wp-elements-fe3247c35d0fb30b8b4d7dceccd90639\" style=\"color:#8d8888;font-size:1.1rem;line-height:1.3\">Bei Fragen kannst du uns auch jederzeit per E-Mail unter veranstaltungen@ducktopie.de kontaktieren!<\/p>\n\n\n\n<p><\/p>\n\n\n<style id=\"wpforms-css-vars-6098-block-480625b6-b9f0-4e45-bdb4-e51bcbc0a004\">\n\t\t\t\t#wpforms-6098.wpforms-block-480625b6-b9f0-4e45-bdb4-e51bcbc0a004 {\n\t\t\t\t--wpforms-label-color: #5d4d51;\n--wpforms-label-sublabel-color: #524f4f;\n--wpforms-label-error-color: #d26b51;\n--wpforms-field-border-size: 3px;\n--wpforms-field-background-color: #f2f2f2;\n--wpforms-field-border-color: var(--ast-global-color-1);\n--wpforms-field-border-color-spare: var(--ast-global-color-1);\n--wpforms-field-text-color: #524f4f;\n--wpforms-field-menu-color: var(--ast-global-color-1);\n--wpforms-button-background-color: #7c666c;\n--wpforms-button-text-color: #e3ea59;\n--wpforms-field-size-input-height: 31px;\n--wpforms-field-size-input-spacing: 10px;\n--wpforms-field-size-font-size: 14px;\n--wpforms-field-size-line-height: 17px;\n--wpforms-field-size-padding-h: 9px;\n--wpforms-field-size-checkbox-size: 14px;\n--wpforms-field-size-sublabel-spacing: 5px;\n--wpforms-field-size-icon-size: 0.75;\n--wpforms-label-size-font-size: 16px;\n--wpforms-label-size-line-height: 19px;\n--wpforms-label-size-sublabel-font-size: 14px;\n--wpforms-label-size-sublabel-line-height: 17px;\n--wpforms-button-size-font-size: 17px;\n--wpforms-button-size-height: 41px;\n--wpforms-button-size-padding-h: 15px;\n--wpforms-button-size-margin-top: 10px;\n\t\t\t}\n\t\t\t<\/style><div class=\"wpforms-container wpforms-container-full wpforms-block wpforms-block-480625b6-b9f0-4e45-bdb4-e51bcbc0a004 wpforms-render-modern\" id=\"wpforms-6098\"><form id=\"wpforms-form-6098\" class=\"wpforms-validate wpforms-form wpforms-ajax-form\" data-formid=\"6098\" method=\"post\" enctype=\"multipart\/form-data\" action=\"\/index.php?rest_route=%2Fwp%2Fv2%2Fpages%2F6101\" data-token=\"161290592b9b8409fbaa1757719381ef\" data-token-time=\"1775667110\"><noscript class=\"wpforms-error-noscript\">Bitte aktiviere JavaScript in deinem Browser, um dieses Formular fertigzustellen.<\/noscript><div id=\"wpforms-error-noscript\" style=\"display: none;\">Bitte aktiviere JavaScript in deinem Browser, um dieses Formular fertigzustellen.<\/div><div class=\"wpforms-field-container\"><div id=\"wpforms-6098-field_1-container\" class=\"wpforms-field wpforms-field-select wpforms-field-select-style-classic\" data-field-id=\"1\"><label class=\"wpforms-field-label\" for=\"wpforms-6098-field_1\">F\u00fcr welchen Freitag m\u00f6chtest du gerne die Patenschaft \u00fcbernehmen? <span class=\"wpforms-required-label\" aria-hidden=\"true\">*<\/span><\/label><select id=\"wpforms-6098-field_1\" class=\"wpforms-field-medium wpforms-field-required\" name=\"wpforms[fields][1]\" required=\"required\"><option value=\"\" class=\"placeholder\" disabled  selected='selected'>&#8212; Select Choice &#8212;<\/option><option value=\"nicht festgelegt \/ ich bin flexibel\"  class=\"choice-1 depth-1\"  >nicht festgelegt \/ ich bin flexibel<\/option><option value=\"September - 12.09.25\"  class=\"choice-2 depth-1\"  >September &#8211; 12.09.25<\/option><option value=\"Oktober - 10.10.25\"  class=\"choice-3 depth-1\"  >Oktober &#8211; 10.10.25<\/option><option value=\"November - 14.11.25\"  class=\"choice-4 depth-1\"  >November &#8211; 14.11.25<\/option><option value=\"Dezember - 12.12.25\"  class=\"choice-5 depth-1\"  >Dezember &#8211; 12.12.25<\/option><option value=\"Januar - 09.01.26\"  class=\"choice-6 depth-1\"  >Januar &#8211; 09.01.26<\/option><option value=\"Februar - 13.02.26\"  class=\"choice-7 depth-1\"  >Februar &#8211; 13.02.26<\/option><option value=\"M\u00e4rz - 13.03.26\"  class=\"choice-8 depth-1\"  >M\u00e4rz &#8211; 13.03.26<\/option><\/select><\/div>\t\t<div id=\"wpforms-6098-field_5-container\"\n\t\t\tclass=\"wpforms-field wpforms-field-text\"\n\t\t\tdata-field-type=\"text\"\n\t\t\tdata-field-id=\"5\"\n\t\t\t>\n\t\t\t<label class=\"wpforms-field-label\" for=\"wpforms-6098-field_5\" >Kontaktdaten gerne bist,<\/label>\n\t\t\t<input type=\"text\" id=\"wpforms-6098-field_5\" class=\"wpforms-field-medium\" name=\"wpforms[fields][5]\" >\n\t\t<\/div>\n\t\t<div id=\"wpforms-6098-field_2-container\" class=\"wpforms-field wpforms-field-select wpforms-field-select-style-classic\" data-field-id=\"2\"><label class=\"wpforms-field-label\" for=\"wpforms-6098-field_2\">Gibt es einen f\u00fcr dich passenden Alternativ-Termin, falls deine erste Wahl nicht m\u00f6glich \/ bereits vergeben ist?<\/label><select id=\"wpforms-6098-field_2\" class=\"wpforms-field-medium\" name=\"wpforms[fields][2]\"><option value=\"keine Alternative\"  class=\"choice-1 depth-1\"  >keine Alternative<\/option><option value=\"September - 12.09.25\"  class=\"choice-2 depth-1\"  >September &#8211; 12.09.25<\/option><option value=\"Oktober - 10.10.25\"  class=\"choice-3 depth-1\"  >Oktober &#8211; 10.10.25<\/option><option value=\"November - 14.11.25\"  class=\"choice-4 depth-1\"  >November &#8211; 14.11.25<\/option><option value=\"Dezember - 12.12.25\"  class=\"choice-5 depth-1\"  >Dezember &#8211; 12.12.25<\/option><option value=\"Januar - 09.01.26\"  class=\"choice-6 depth-1\"  >Januar &#8211; 09.01.26<\/option><option value=\"Februar - 13.02.26\"  class=\"choice-7 depth-1\"  >Februar &#8211; 13.02.26<\/option><option value=\"M\u00e4rz - 13.03.26\"  class=\"choice-8 depth-1\"  >M\u00e4rz &#8211; 13.03.26<\/option><\/select><\/div><div id=\"wpforms-6098-field_3-container\" class=\"wpforms-field wpforms-field-text\" data-field-id=\"3\"><label class=\"wpforms-field-label\" for=\"wpforms-6098-field_3\">Mit welchem Thema m\u00f6chtest du den Abend f\u00fcllen? <span class=\"wpforms-required-label\" aria-hidden=\"true\">*<\/span><\/label><input type=\"text\" id=\"wpforms-6098-field_3\" class=\"wpforms-field-medium wpforms-field-required\" name=\"wpforms[fields][3]\" placeholder=\"grobes Thema, z.B. Spiele-Abend\" aria-errormessage=\"wpforms-6098-field_3-error\" required><\/div><div id=\"wpforms-6098-field_4-container\" class=\"wpforms-field wpforms-field-textarea\" data-field-id=\"4\"><label class=\"wpforms-field-label\" for=\"wpforms-6098-field_4\">Beschreib uns (optional) gerne kurz, was du dir genau vorstellst, beziehungsweise was die anderen Mitglieder an dem Abend erwartet<\/label><textarea id=\"wpforms-6098-field_4\" class=\"wpforms-field-medium\" name=\"wpforms[fields][4]\" aria-errormessage=\"wpforms-6098-field_4-error\" ><\/textarea><\/div><div id=\"wpforms-6098-field_6-container\" class=\"wpforms-field wpforms-field-text wpforms-one-third wpforms-first\" data-field-id=\"6\"><label class=\"wpforms-field-label\" for=\"wpforms-6098-field_6\">Name <span class=\"wpforms-required-label\" aria-hidden=\"true\">*<\/span><\/label><input type=\"text\" id=\"wpforms-6098-field_6\" class=\"wpforms-field-large wpforms-field-required\" name=\"wpforms[fields][6]\" placeholder=\"bspw. Klausi K.\" aria-errormessage=\"wpforms-6098-field_6-error\" aria-describedby=\"wpforms-6098-field_6-description\" required><div id=\"wpforms-6098-field_6-description\" class=\"wpforms-field-description\">ben\u00f6tigt, um zu pr\u00fcfen ob du bereits Mitglied bei uns bist. Du kannst deinen Nachnamen gerne abk\u00fcrzen.<\/div><\/div><div id=\"wpforms-6098-field_7-container\" class=\"wpforms-field wpforms-field-checkbox wpforms-two-thirds wpforms-list-2-columns\" data-field-id=\"7\"><fieldset><legend class=\"wpforms-field-label\">Wie k\u00f6nnen wir dich am besten kontaktieren um Details zur weiteren Planung zu kl\u00e4ren? <span class=\"wpforms-required-label\" aria-hidden=\"true\">*<\/span><\/legend><ul id=\"wpforms-6098-field_7\" class=\"wpforms-field-required\"><li class=\"choice-1 depth-1\"><input type=\"checkbox\" id=\"wpforms-6098-field_7_1\" name=\"wpforms[fields][7][]\" value=\"Telefon \/ Anruf\" aria-errormessage=\"wpforms-6098-field_7_1-error\" required ><label class=\"wpforms-field-label-inline\" for=\"wpforms-6098-field_7_1\">Telefon \/ Anruf<\/label><\/li><li class=\"choice-2 depth-1\"><input type=\"checkbox\" id=\"wpforms-6098-field_7_2\" name=\"wpforms[fields][7][]\" value=\"E-Mail\" aria-errormessage=\"wpforms-6098-field_7_2-error\" required ><label class=\"wpforms-field-label-inline\" for=\"wpforms-6098-field_7_2\">E-Mail<\/label><\/li><li class=\"choice-3 depth-1\"><input type=\"checkbox\" id=\"wpforms-6098-field_7_3\" name=\"wpforms[fields][7][]\" value=\"Messenger Signal\" aria-errormessage=\"wpforms-6098-field_7_3-error\" required ><label class=\"wpforms-field-label-inline\" for=\"wpforms-6098-field_7_3\">Messenger Signal<\/label><\/li><li class=\"choice-4 depth-1\"><input type=\"checkbox\" id=\"wpforms-6098-field_7_4\" name=\"wpforms[fields][7][]\" value=\"Messenger Telegram\" aria-errormessage=\"wpforms-6098-field_7_4-error\" required ><label class=\"wpforms-field-label-inline\" for=\"wpforms-6098-field_7_4\">Messenger Telegram<\/label><\/li><\/ul><\/fieldset><\/div><div id=\"wpforms-6098-field_8-container\" class=\"wpforms-field wpforms-field-text\" data-field-id=\"8\"><label class=\"wpforms-field-label\" for=\"wpforms-6098-field_8\">Falls du dir nicht sicher bist, ob wir die notwendigen Kontaktdaten von dir haben, kannst du diese hier eintragen<\/label><input type=\"text\" id=\"wpforms-6098-field_8\" class=\"wpforms-field-medium\" name=\"wpforms[fields][8]\" placeholder=\"z.B. Telegram-Name oder E-Mail-Adresse\" aria-errormessage=\"wpforms-6098-field_8-error\" ><\/div><script>\n\t\t\t\t( function() {\n\t\t\t\t\tconst style = document.createElement( 'style' );\n\t\t\t\t\tstyle.appendChild( document.createTextNode( '#wpforms-6098-field_5-container { position: absolute !important; overflow: hidden !important; display: inline !important; height: 1px !important; width: 1px !important; z-index: -1000 !important; padding: 0 !important; } #wpforms-6098-field_5-container input { visibility: hidden; } #wpforms-conversational-form-page #wpforms-6098-field_5-container label { counter-increment: none; }' ) );\n\t\t\t\t\tdocument.head.appendChild( style );\n\t\t\t\t\tdocument.currentScript?.remove();\n\t\t\t\t} )();\n\t\t\t<\/script><\/div><!-- .wpforms-field-container --><div class=\"wpforms-submit-container\" ><input type=\"hidden\" name=\"wpforms[id]\" value=\"6098\"><input type=\"hidden\" name=\"page_title\" value=\"\"><input type=\"hidden\" name=\"page_url\" value=\"https:\/\/ducktopie.de\/index.php?rest_route=\/wp\/v2\/pages\/6101\"><input type=\"hidden\" name=\"url_referer\" value=\"\"><button type=\"submit\" name=\"wpforms[submit]\" id=\"wpforms-submit-6098\" class=\"wpforms-submit\" data-alt-text=\"wird gesendet\u2026\" data-submit-text=\"Anfrage abschicken\" aria-live=\"assertive\" value=\"wpforms-submit\">Anfrage abschicken<\/button><img decoding=\"async\" src=\"https:\/\/ducktopie.de\/wp-content\/plugins\/wpforms-lite\/assets\/images\/submit-spin.svg\" class=\"wpforms-submit-spinner\" style=\"display: none;\" width=\"26\" height=\"26\" alt=\"Wird geladen\"><\/div><\/form><\/div>  <!-- .wpforms-container -->\n\n\n<p class=\"has-text-color has-link-color has-small-font-size wp-elements-a2137639fbfa5f5c22e33736b1d57347\" style=\"color:#c94747\">* Pflichtfeld<\/p>\n\n\n\n<p><\/p>\n","protected":false},"excerpt":{"rendered":"<p>DEINE IDEE &amp; DEIN ABEND Sehr gut! Der erste Schritt zum Duckte Friday, den du mit deinem eigenen Thema gestaltest und organisierst, ist getan. Wir sind froh, dass sich mehr und mehr Mitglieder einbringen und die Ducktopie damit zum Leben erwecken! Bevor die Planung richtig losgehen kann, brauchen wir nur noch ein paar Angaben von [&hellip;]<\/p>\n","protected":false},"author":2,"featured_media":0,"parent":0,"menu_order":0,"comment_status":"closed","ping_status":"closed","template":"","meta":{"site-sidebar-layout":"default","site-content-layout":"","ast-site-content-layout":"default","site-content-style":"default","site-sidebar-style":"default","ast-global-header-display":"","ast-banner-title-visibility":"","ast-main-header-display":"","ast-hfb-above-header-display":"","ast-hfb-below-header-display":"","ast-hfb-mobile-header-display":"","site-post-title":"disabled","ast-breadcrumbs-content":"","ast-featured-img":"","footer-sml-layout":"","theme-transparent-header-meta":"","adv-header-id-meta":"","stick-header-meta":"","header-above-stick-meta":"","header-main-stick-meta":"","header-below-stick-meta":"","astra-migrate-meta-layouts":"set","ast-page-background-enabled":"default","ast-page-background-meta":{"desktop":{"background-color":"var(--ast-global-color-4)","background-image":"","background-repeat":"repeat","background-position":"center center","background-size":"auto","background-attachment":"scroll","background-type":"","background-media":"","overlay-type":"","overlay-color":"","overlay-opacity":"","overlay-gradient":""},"tablet":{"background-color":"","background-image":"","background-repeat":"repeat","background-position":"center center","background-size":"auto","background-attachment":"scroll","background-type":"","background-media":"","overlay-type":"","overlay-color":"","overlay-opacity":"","overlay-gradient":""},"mobile":{"background-color":"","background-image":"","background-repeat":"repeat","background-position":"center center","background-size":"auto","background-attachment":"scroll","background-type":"","background-media":"","overlay-type":"","overlay-color":"","overlay-opacity":"","overlay-gradient":""}},"ast-content-background-meta":{"desktop":{"background-color":"var(--ast-global-color-5)","background-image":"","background-repeat":"repeat","background-position":"center center","background-size":"auto","background-attachment":"scroll","background-type":"","background-media":"","overlay-type":"","overlay-color":"","overlay-opacity":"","overlay-gradient":""},"tablet":{"background-color":"var(--ast-global-color-5)","background-image":"","background-repeat":"repeat","background-position":"center center","background-size":"auto","background-attachment":"scroll","background-type":"","background-media":"","overlay-type":"","overlay-color":"","overlay-opacity":"","overlay-gradient":""},"mobile":{"background-color":"var(--ast-global-color-5)","background-image":"","background-repeat":"repeat","background-position":"center center","background-size":"auto","background-attachment":"scroll","background-type":"","background-media":"","overlay-type":"","overlay-color":"","overlay-opacity":"","overlay-gradient":""}},"iawp_total_views":2,"footnotes":""},"class_list":["post-6101","page","type-page","status-publish","hentry"],"_links":{"self":[{"href":"https:\/\/ducktopie.de\/index.php?rest_route=\/wp\/v2\/pages\/6101","targetHints":{"allow":["GET"]}}],"collection":[{"href":"https:\/\/ducktopie.de\/index.php?rest_route=\/wp\/v2\/pages"}],"about":[{"href":"https:\/\/ducktopie.de\/index.php?rest_route=\/wp\/v2\/types\/page"}],"author":[{"embeddable":true,"href":"https:\/\/ducktopie.de\/index.php?rest_route=\/wp\/v2\/users\/2"}],"replies":[{"embeddable":true,"href":"https:\/\/ducktopie.de\/index.php?rest_route=%2Fwp%2Fv2%2Fcomments&post=6101"}],"version-history":[{"count":1,"href":"https:\/\/ducktopie.de\/index.php?rest_route=\/wp\/v2\/pages\/6101\/revisions"}],"predecessor-version":[{"id":6102,"href":"https:\/\/ducktopie.de\/index.php?rest_route=\/wp\/v2\/pages\/6101\/revisions\/6102"}],"wp:attachment":[{"href":"https:\/\/ducktopie.de\/index.php?rest_route=%2Fwp%2Fv2%2Fmedia&parent=6101"}],"curies":[{"name":"wp","href":"https:\/\/api.w.org\/{rel}","templated":true}]}}