{"id":4342,"date":"2025-06-15T23:40:14","date_gmt":"2025-06-15T21:40:14","guid":{"rendered":"https:\/\/ducktopie.de\/?page_id=4342"},"modified":"2025-06-15T23:53:09","modified_gmt":"2025-06-15T21:53:09","slug":"event-rsvp","status":"publish","type":"page","link":"https:\/\/ducktopie.de\/?page_id=4342","title":{"rendered":"Event RSVP"},"content":{"rendered":"\n<h2 class=\"wp-block-heading has-text-align-center has-text-color has-link-color wp-elements-32277a8b69d851a29889714edb11f3fd\" id=\"umfrage\" style=\"color:#5d4d51;margin-top:-5px;margin-bottom:-5px;font-size:43px;font-style:normal;font-weight:600;letter-spacing:5px\">VERANSTALTUNGS-ANMELDUNG<\/h2>\n\n\n\n<hr class=\"wp-block-separator has-text-color has-ast-global-color-8-color has-alpha-channel-opacity has-ast-global-color-8-background-color has-background is-style-dots\" style=\"margin-top:1.2rem;margin-bottom:1.2rem\"\/>\n\n\n\n<p class=\"has-text-align-left has-text-color has-link-color wp-elements-f6c9138c93f2134795ea7fe9a8646b49\" style=\"color:#8d8888;font-size:1.1rem;line-height:1.2\">Danke, dass du unser Anmelde-Formular nutzt und uns die Planung &amp; Vorbereitung unserer Events erleichterst! <\/p>\n\n\n\n<p class=\"has-text-align-left has-text-color has-link-color wp-elements-fe3247c35d0fb30b8b4d7dceccd90639\" style=\"color:#8d8888;font-size:1.1rem;line-height:1.3\">Bei Fragen kannst du uns auch jederzeit per E-Mail unter veranstaltungen@ducktopie.de kontaktieren!<\/p>\n\n\n<style id=\"wpforms-css-vars-4333-block-480625b6-b9f0-4e45-bdb4-e51bcbc0a004\">\n\t\t\t\t#wpforms-4333.wpforms-block-480625b6-b9f0-4e45-bdb4-e51bcbc0a004 {\n\t\t\t\t--wpforms-label-color: #5d4d51;\n--wpforms-label-sublabel-color: #524f4f;\n--wpforms-label-error-color: #d26b51;\n--wpforms-field-border-size: 3px;\n--wpforms-field-background-color: #f2f2f2;\n--wpforms-field-border-color: var(--ast-global-color-1);\n--wpforms-field-border-color-spare: var(--ast-global-color-1);\n--wpforms-field-text-color: #524f4f;\n--wpforms-field-menu-color: var(--ast-global-color-1);\n--wpforms-button-background-color: #7c666c;\n--wpforms-button-text-color: #e3ea59;\n--wpforms-field-size-input-height: 31px;\n--wpforms-field-size-input-spacing: 10px;\n--wpforms-field-size-font-size: 14px;\n--wpforms-field-size-line-height: 17px;\n--wpforms-field-size-padding-h: 9px;\n--wpforms-field-size-checkbox-size: 14px;\n--wpforms-field-size-sublabel-spacing: 5px;\n--wpforms-field-size-icon-size: 0.75;\n--wpforms-label-size-font-size: 16px;\n--wpforms-label-size-line-height: 19px;\n--wpforms-label-size-sublabel-font-size: 14px;\n--wpforms-label-size-sublabel-line-height: 17px;\n--wpforms-button-size-font-size: 17px;\n--wpforms-button-size-height: 41px;\n--wpforms-button-size-padding-h: 15px;\n--wpforms-button-size-margin-top: 10px;\n\t\t\t}\n\t\t\t<\/style><div class=\"wpforms-container wpforms-container-full wpforms-block wpforms-block-480625b6-b9f0-4e45-bdb4-e51bcbc0a004 wpforms-render-modern\" id=\"wpforms-4333\"><form id=\"wpforms-form-4333\" class=\"wpforms-validate wpforms-form wpforms-ajax-form\" data-formid=\"4333\" method=\"post\" enctype=\"multipart\/form-data\" action=\"\/index.php?rest_route=%2Fwp%2Fv2%2Fpages%2F4342\" data-token=\"82a65ee983ac17dc49c63cd661ac7170\" data-token-time=\"1775671057\"><noscript class=\"wpforms-error-noscript\">Bitte aktiviere JavaScript in deinem Browser, um dieses Formular fertigzustellen.<\/noscript><div id=\"wpforms-error-noscript\" style=\"display: none;\">Bitte aktiviere JavaScript in deinem Browser, um dieses Formular fertigzustellen.<\/div><div class=\"wpforms-field-container\"><div id=\"wpforms-4333-field_2-container\" class=\"wpforms-field wpforms-field-checkbox wpforms-list-2-columns\" data-field-id=\"2\"><fieldset><legend class=\"wpforms-field-label\">F\u00fcr welche Veranstaltung(en) m\u00f6chtest du dich anmelden? (Mehrfachauswahl m\u00f6glich) <span class=\"wpforms-required-label\" aria-hidden=\"true\">*<\/span><\/legend><ul id=\"wpforms-4333-field_2\" class=\"wpforms-field-required\"><li class=\"choice-6 depth-1\"><input type=\"checkbox\" id=\"wpforms-4333-field_2_6\" name=\"wpforms[fields][2][]\" value=\"Duckte Friday (08.08.25)\" aria-errormessage=\"wpforms-4333-field_2_6-error\" required ><label class=\"wpforms-field-label-inline\" for=\"wpforms-4333-field_2_6\">Duckte Friday (08.08.25)<\/label><\/li><li class=\"choice-3 depth-1\"><input type=\"checkbox\" id=\"wpforms-4333-field_2_3\" name=\"wpforms[fields][2][]\" value=\"PIZZA + SALSA (30.08.25)\" aria-errormessage=\"wpforms-4333-field_2_3-error\" required ><label class=\"wpforms-field-label-inline\" for=\"wpforms-4333-field_2_3\">PIZZA + SALSA (30.08.25)<\/label><\/li><li class=\"choice-7 depth-1\"><input type=\"checkbox\" id=\"wpforms-4333-field_2_7\" name=\"wpforms[fields][2][]\" value=\"Duckte Friday (12.09.25)\" aria-errormessage=\"wpforms-4333-field_2_7-error\" required ><label class=\"wpforms-field-label-inline\" for=\"wpforms-4333-field_2_7\">Duckte Friday (12.09.25)<\/label><\/li><li class=\"choice-8 depth-1\"><input type=\"checkbox\" id=\"wpforms-4333-field_2_8\" name=\"wpforms[fields][2][]\" value=\"Mitgliederversammlung (27.09.25)\" aria-errormessage=\"wpforms-4333-field_2_8-error\" required ><label class=\"wpforms-field-label-inline\" for=\"wpforms-4333-field_2_8\">Mitgliederversammlung (27.09.25)<\/label><\/li><\/ul><\/fieldset><\/div>\t\t<div id=\"wpforms-4333-field_1-container\"\n\t\t\tclass=\"wpforms-field wpforms-field-text\"\n\t\t\tdata-field-type=\"text\"\n\t\t\tdata-field-id=\"1\"\n\t\t\t>\n\t\t\t<label class=\"wpforms-field-label\" for=\"wpforms-4333-field_1\" >eine werden? \u00fcber<\/label>\n\t\t\t<input type=\"text\" id=\"wpforms-4333-field_1\" class=\"wpforms-field-medium\" name=\"wpforms[fields][1]\" >\n\t\t<\/div>\n\t\t<div id=\"wpforms-4333-field_6-container\" class=\"wpforms-field wpforms-field-number\" data-field-id=\"6\"><label class=\"wpforms-field-label\" for=\"wpforms-4333-field_6\">Anzahl Personen <span class=\"wpforms-required-label\" aria-hidden=\"true\">*<\/span><\/label><input type=\"number\" id=\"wpforms-4333-field_6\" class=\"wpforms-field-small wpforms-field-required\" name=\"wpforms[fields][6]\" min=\"1\" max=\"10\" step=\"any\" aria-errormessage=\"wpforms-4333-field_6-error\" required><\/div><div id=\"wpforms-4333-field_3-container\" class=\"wpforms-field wpforms-field-checkbox\" data-field-id=\"3\"><fieldset><legend class=\"wpforms-field-label\">M\u00f6chtest du \u00fcber Updates oder eine eventuelle Absage der Veranstaltung(en) per E-Mail informiert werden?<\/legend><ul id=\"wpforms-4333-field_3\"><li class=\"choice-2 depth-1\"><input type=\"checkbox\" id=\"wpforms-4333-field_3_2\" name=\"wpforms[fields][3][]\" value=\"nein, ich informiere mich selbst\" aria-errormessage=\"wpforms-4333-field_3_2-error\"  ><label class=\"wpforms-field-label-inline\" for=\"wpforms-4333-field_3_2\">nein, ich informiere mich selbst<\/label><\/li><li class=\"choice-3 depth-1\"><input type=\"checkbox\" id=\"wpforms-4333-field_3_3\" name=\"wpforms[fields][3][]\" value=\"ja, ich m\u00f6chte Informationen zu meiner Auswahl erhalten (hierf\u00fcr ist die Angabe deiner E-Mail-Adresse notwendig)\" aria-errormessage=\"wpforms-4333-field_3_3-error\"  ><label class=\"wpforms-field-label-inline\" for=\"wpforms-4333-field_3_3\">ja, ich m\u00f6chte Informationen zu meiner Auswahl erhalten (hierf\u00fcr ist die Angabe deiner E-Mail-Adresse notwendig)<\/label><\/li><\/ul><\/fieldset><\/div><div id=\"wpforms-4333-field_4-container\" class=\"wpforms-field wpforms-field-name wpforms-one-half wpforms-first\" data-field-id=\"4\"><label class=\"wpforms-field-label\" for=\"wpforms-4333-field_4\">Name<\/label><input type=\"text\" id=\"wpforms-4333-field_4\" class=\"wpforms-field-medium\" name=\"wpforms[fields][4]\" aria-errormessage=\"wpforms-4333-field_4-error\" ><\/div><div id=\"wpforms-4333-field_5-container\" class=\"wpforms-field wpforms-field-email wpforms-one-half\" data-field-id=\"5\"><label class=\"wpforms-field-label\" for=\"wpforms-4333-field_5\">Email<\/label><input type=\"email\" id=\"wpforms-4333-field_5\" class=\"wpforms-field-large\" name=\"wpforms[fields][5]\" spellcheck=\"false\" aria-errormessage=\"wpforms-4333-field_5-error\" ><\/div><script>\n\t\t\t\t( function() {\n\t\t\t\t\tconst style = document.createElement( 'style' );\n\t\t\t\t\tstyle.appendChild( document.createTextNode( '#wpforms-4333-field_1-container { position: absolute !important; overflow: hidden !important; display: inline !important; height: 1px !important; width: 1px !important; z-index: -1000 !important; padding: 0 !important; } #wpforms-4333-field_1-container input { visibility: hidden; } #wpforms-conversational-form-page #wpforms-4333-field_1-container label { counter-increment: none; }' ) );\n\t\t\t\t\tdocument.head.appendChild( style );\n\t\t\t\t\tdocument.currentScript?.remove();\n\t\t\t\t} )();\n\t\t\t<\/script><\/div><!-- .wpforms-field-container --><div class=\"wpforms-submit-container\" ><input type=\"hidden\" name=\"wpforms[id]\" value=\"4333\"><input type=\"hidden\" name=\"page_title\" value=\"\"><input type=\"hidden\" name=\"page_url\" value=\"https:\/\/ducktopie.de\/index.php?rest_route=\/wp\/v2\/pages\/4342\"><input type=\"hidden\" name=\"url_referer\" value=\"\"><button type=\"submit\" name=\"wpforms[submit]\" id=\"wpforms-submit-4333\" class=\"wpforms-submit\" data-alt-text=\"wird gesendet\u2026\" data-submit-text=\"Senden\" aria-live=\"assertive\" value=\"wpforms-submit\">Senden<\/button><img decoding=\"async\" src=\"https:\/\/ducktopie.de\/wp-content\/plugins\/wpforms-lite\/assets\/images\/submit-spin.svg\" class=\"wpforms-submit-spinner\" style=\"display: none;\" width=\"26\" height=\"26\" alt=\"Wird geladen\"><\/div><\/form><\/div>  <!-- .wpforms-container -->\n\n\n<p class=\"has-text-color has-link-color has-small-font-size wp-elements-a2137639fbfa5f5c22e33736b1d57347\" style=\"color:#c94747\">* Pflichtfeld<\/p>\n\n\n\n<p><\/p>\n","protected":false},"excerpt":{"rendered":"<p>VERANSTALTUNGS-ANMELDUNG Danke, dass du unser Anmelde-Formular nutzt und uns die Planung &amp; Vorbereitung unserer Events erleichterst! Bei Fragen kannst du uns auch jederzeit per E-Mail unter veranstaltungen@ducktopie.de kontaktieren! * Pflichtfeld<\/p>\n","protected":false},"author":2,"featured_media":0,"parent":0,"menu_order":0,"comment_status":"closed","ping_status":"closed","template":"","meta":{"site-sidebar-layout":"default","site-content-layout":"","ast-site-content-layout":"default","site-content-style":"default","site-sidebar-style":"default","ast-global-header-display":"","ast-banner-title-visibility":"","ast-main-header-display":"","ast-hfb-above-header-display":"","ast-hfb-below-header-display":"","ast-hfb-mobile-header-display":"","site-post-title":"disabled","ast-breadcrumbs-content":"","ast-featured-img":"","footer-sml-layout":"","theme-transparent-header-meta":"","adv-header-id-meta":"","stick-header-meta":"","header-above-stick-meta":"","header-main-stick-meta":"","header-below-stick-meta":"","astra-migrate-meta-layouts":"set","ast-page-background-enabled":"default","ast-page-background-meta":{"desktop":{"background-color":"var(--ast-global-color-4)","background-image":"","background-repeat":"repeat","background-position":"center center","background-size":"auto","background-attachment":"scroll","background-type":"","background-media":"","overlay-type":"","overlay-color":"","overlay-opacity":"","overlay-gradient":""},"tablet":{"background-color":"","background-image":"","background-repeat":"repeat","background-position":"center center","background-size":"auto","background-attachment":"scroll","background-type":"","background-media":"","overlay-type":"","overlay-color":"","overlay-opacity":"","overlay-gradient":""},"mobile":{"background-color":"","background-image":"","background-repeat":"repeat","background-position":"center center","background-size":"auto","background-attachment":"scroll","background-type":"","background-media":"","overlay-type":"","overlay-color":"","overlay-opacity":"","overlay-gradient":""}},"ast-content-background-meta":{"desktop":{"background-color":"var(--ast-global-color-5)","background-image":"","background-repeat":"repeat","background-position":"center center","background-size":"auto","background-attachment":"scroll","background-type":"","background-media":"","overlay-type":"","overlay-color":"","overlay-opacity":"","overlay-gradient":""},"tablet":{"background-color":"var(--ast-global-color-5)","background-image":"","background-repeat":"repeat","background-position":"center center","background-size":"auto","background-attachment":"scroll","background-type":"","background-media":"","overlay-type":"","overlay-color":"","overlay-opacity":"","overlay-gradient":""},"mobile":{"background-color":"var(--ast-global-color-5)","background-image":"","background-repeat":"repeat","background-position":"center center","background-size":"auto","background-attachment":"scroll","background-type":"","background-media":"","overlay-type":"","overlay-color":"","overlay-opacity":"","overlay-gradient":""}},"iawp_total_views":2,"footnotes":""},"class_list":["post-4342","page","type-page","status-publish","hentry"],"_links":{"self":[{"href":"https:\/\/ducktopie.de\/index.php?rest_route=\/wp\/v2\/pages\/4342","targetHints":{"allow":["GET"]}}],"collection":[{"href":"https:\/\/ducktopie.de\/index.php?rest_route=\/wp\/v2\/pages"}],"about":[{"href":"https:\/\/ducktopie.de\/index.php?rest_route=\/wp\/v2\/types\/page"}],"author":[{"embeddable":true,"href":"https:\/\/ducktopie.de\/index.php?rest_route=\/wp\/v2\/users\/2"}],"replies":[{"embeddable":true,"href":"https:\/\/ducktopie.de\/index.php?rest_route=%2Fwp%2Fv2%2Fcomments&post=4342"}],"version-history":[{"count":4,"href":"https:\/\/ducktopie.de\/index.php?rest_route=\/wp\/v2\/pages\/4342\/revisions"}],"predecessor-version":[{"id":4347,"href":"https:\/\/ducktopie.de\/index.php?rest_route=\/wp\/v2\/pages\/4342\/revisions\/4347"}],"wp:attachment":[{"href":"https:\/\/ducktopie.de\/index.php?rest_route=%2Fwp%2Fv2%2Fmedia&parent=4342"}],"curies":[{"name":"wp","href":"https:\/\/api.w.org\/{rel}","templated":true}]}}